{"id":795,"date":"2025-01-26T09:31:44","date_gmt":"2025-01-26T09:31:44","guid":{"rendered":"https:\/\/doctoraherraiz.com\/?page_id=795"},"modified":"2025-02-01T21:35:42","modified_gmt":"2025-02-01T21:35:42","slug":"cirugia-plastica-reparadora","status":"publish","type":"page","link":"http:\/\/doctoraherraiz.com\/index.php\/cirugias\/cirugia-plastica-reparadora\/","title":{"rendered":"Cirug\u00eda pl\u00e1stica reparadora"},"content":{"rendered":"\t\t<div data-elementor-type=\"wp-page\" data-elementor-id=\"795\" class=\"elementor elementor-795\" data-elementor-post-type=\"page\">\n\t\t\t\t<div class=\"elementor-element elementor-element-d917c3a e-flex e-con-boxed e-con e-parent\" data-id=\"d917c3a\" data-element_type=\"container\" data-settings=\"{&quot;background_background&quot;:&quot;classic&quot;}\">\n\t\t\t\t\t<div class=\"e-con-inner\">\n\t\t<div class=\"elementor-element elementor-element-dc44ef0 e-con-full e-flex e-con e-child\" data-id=\"dc44ef0\" data-element_type=\"container\">\n\t\t\t\t<div class=\"elementor-element elementor-element-b17d956 elementor-widget elementor-widget-heading\" data-id=\"b17d956\" data-element_type=\"widget\" data-widget_type=\"heading.default\">\n\t\t\t\t<div class=\"elementor-widget-container\">\n\t\t\t\t\t<h2 class=\"elementor-heading-title elementor-size-default\">CIRUG\u00cdAs<\/h2>\t\t\t\t<\/div>\n\t\t\t\t<\/div>\n\t\t\t\t<div class=\"elementor-element elementor-element-5af6526 elementor-widget elementor-widget-heading\" data-id=\"5af6526\" data-element_type=\"widget\" data-widget_type=\"heading.default\">\n\t\t\t\t<div class=\"elementor-widget-container\">\n\t\t\t\t\t<h1 class=\"elementor-heading-title elementor-size-default\">Cirug\u00eda pl\u00e1stica reparadora<\/h1>\t\t\t\t<\/div>\n\t\t\t\t<\/div>\n\t\t\t\t<\/div>\n\t\t\t\t\t<\/div>\n\t\t\t\t<\/div>\n\t\t<div class=\"elementor-element elementor-element-0c375b3 e-con-full e-flex e-con e-parent\" data-id=\"0c375b3\" data-element_type=\"container\" data-settings=\"{&quot;background_background&quot;:&quot;classic&quot;}\">\n\t\t<div class=\"elementor-element elementor-element-bd4eda0 e-con-full e-flex e-con e-child\" data-id=\"bd4eda0\" data-element_type=\"container\">\n\t\t<div class=\"elementor-element elementor-element-6c65b3b e-con-full e-flex elementor-invisible e-con e-child\" data-id=\"6c65b3b\" data-element_type=\"container\" data-settings=\"{&quot;animation&quot;:&quot;fadeInUp&quot;,&quot;animation_delay&quot;:100}\">\n\t\t\t\t<div class=\"elementor-element elementor-element-fd2b325 elementor-widget elementor-widget-image\" data-id=\"fd2b325\" data-element_type=\"widget\" data-widget_type=\"image.default\">\n\t\t\t\t<div class=\"elementor-widget-container\">\n\t\t\t\t\t\t\t\t\t\t\t\t\t\t\t<img fetchpriority=\"high\" decoding=\"async\" width=\"800\" height=\"800\" src=\"http:\/\/doctoraherraiz.com\/wp-content\/uploads\/2025\/01\/reconstruccion-de-mama_02.jpg\" class=\"attachment-large size-large wp-image-977\" alt=\"\" srcset=\"http:\/\/doctoraherraiz.com\/wp-content\/uploads\/2025\/01\/reconstruccion-de-mama_02.jpg 800w, http:\/\/doctoraherraiz.com\/wp-content\/uploads\/2025\/01\/reconstruccion-de-mama_02-300x300.jpg 300w, http:\/\/doctoraherraiz.com\/wp-content\/uploads\/2025\/01\/reconstruccion-de-mama_02-150x150.jpg 150w, http:\/\/doctoraherraiz.com\/wp-content\/uploads\/2025\/01\/reconstruccion-de-mama_02-768x768.jpg 768w\" sizes=\"(max-width: 800px) 100vw, 800px\" \/>\t\t\t\t\t\t\t\t\t\t\t\t\t\t\t<\/div>\n\t\t\t\t<\/div>\n\t\t\t\t<div class=\"elementor-element elementor-element-f32ae8c elementor-widget elementor-widget-heading\" data-id=\"f32ae8c\" data-element_type=\"widget\" data-widget_type=\"heading.default\">\n\t\t\t\t<div class=\"elementor-widget-container\">\n\t\t\t\t\t<h3 class=\"elementor-heading-title elementor-size-default\">Reconstrucci\u00f3n de mama<\/h3>\t\t\t\t<\/div>\n\t\t\t\t<\/div>\n\t\t\t\t<div class=\"elementor-element elementor-element-2609fa5 elementor-widget elementor-widget-text-editor\" data-id=\"2609fa5\" data-element_type=\"widget\" data-widget_type=\"text-editor.default\">\n\t\t\t\t<div class=\"elementor-widget-container\">\n\t\t\t\t\t\t\t\t\t<p>La <strong>reconstrucci\u00f3n mamaria<\/strong> es un procedimiento quir\u00fargico destinado a restaurar la forma, la apariencia y la simetr\u00eda del pecho.<\/p>\n<p>Es un tipo de cirug\u00eda que se realiza despu\u00e9s de una mastectom\u00eda o una operaci\u00f3n conservadora del mama, debido al c\u00e1ncer de mama u otras condiciones m\u00e9dicas.<\/p>\t\t\t\t\t\t\t\t<\/div>\n\t\t\t\t<\/div>\n\t\t\t\t<div class=\"elementor-element elementor-element-cd8e823 elementor-align-center elementor-widget elementor-widget-button\" data-id=\"cd8e823\" data-element_type=\"widget\" data-widget_type=\"button.default\">\n\t\t\t\t<div class=\"elementor-widget-container\">\n\t\t\t\t\t\t\t\t\t<div class=\"elementor-button-wrapper\">\n\t\t\t\t\t<a class=\"elementor-button elementor-button-link elementor-size-sm\" href=\"https:\/\/doctoraherraiz.com\/index.php\/cirugias\/cirugia-plastica-reparadora\/reconstruccion-mamaria\/\" id=\"btn-mas-info\">\n\t\t\t\t\t\t<span class=\"elementor-button-content-wrapper\">\n\t\t\t\t\t\t\t\t\t<span class=\"elementor-button-text\">M\u00e1s informaci\u00f3n<\/span>\n\t\t\t\t\t<\/span>\n\t\t\t\t\t<\/a>\n\t\t\t\t<\/div>\n\t\t\t\t\t\t\t\t<\/div>\n\t\t\t\t<\/div>\n\t\t\t\t<\/div>\n\t\t<div class=\"elementor-element elementor-element-4e709c9 e-con-full e-flex elementor-invisible e-con e-child\" data-id=\"4e709c9\" data-element_type=\"container\" data-settings=\"{&quot;animation&quot;:&quot;fadeInUp&quot;,&quot;animation_delay&quot;:200}\">\n\t\t\t\t<div class=\"elementor-element elementor-element-7d7f6e6 elementor-widget elementor-widget-image\" data-id=\"7d7f6e6\" data-element_type=\"widget\" data-widget_type=\"image.default\">\n\t\t\t\t<div class=\"elementor-widget-container\">\n\t\t\t\t\t\t\t\t\t\t\t\t\t\t\t<img decoding=\"async\" width=\"800\" height=\"800\" src=\"http:\/\/doctoraherraiz.com\/wp-content\/uploads\/2025\/01\/tumor-cutaneo.jpg\" class=\"attachment-large size-large wp-image-979\" alt=\"tumor-cutaneo\" srcset=\"http:\/\/doctoraherraiz.com\/wp-content\/uploads\/2025\/01\/tumor-cutaneo.jpg 800w, http:\/\/doctoraherraiz.com\/wp-content\/uploads\/2025\/01\/tumor-cutaneo-300x300.jpg 300w, http:\/\/doctoraherraiz.com\/wp-content\/uploads\/2025\/01\/tumor-cutaneo-150x150.jpg 150w, http:\/\/doctoraherraiz.com\/wp-content\/uploads\/2025\/01\/tumor-cutaneo-768x768.jpg 768w\" sizes=\"(max-width: 800px) 100vw, 800px\" \/>\t\t\t\t\t\t\t\t\t\t\t\t\t\t\t<\/div>\n\t\t\t\t<\/div>\n\t\t\t\t<div class=\"elementor-element elementor-element-4389fce elementor-widget elementor-widget-heading\" data-id=\"4389fce\" data-element_type=\"widget\" data-widget_type=\"heading.default\">\n\t\t\t\t<div class=\"elementor-widget-container\">\n\t\t\t\t\t<h3 class=\"elementor-heading-title elementor-size-default\">Tratamiento de tumores cut\u00e1neos<\/h3>\t\t\t\t<\/div>\n\t\t\t\t<\/div>\n\t\t\t\t<div class=\"elementor-element elementor-element-d163b9d elementor-widget elementor-widget-text-editor\" data-id=\"d163b9d\" data-element_type=\"widget\" data-widget_type=\"text-editor.default\">\n\t\t\t\t<div class=\"elementor-widget-container\">\n\t\t\t\t\t\t\t\t\t<p>Los tumores cut\u00e1neos son frecuentes en nuestra poblaci\u00f3n y pueden presentar una sintomatolog\u00eda distinta seg\u00fan el tipo de tumor, el tipo de piel del paciente, la zona del cuerpo afecta, etc.<\/p>\t\t\t\t\t\t\t\t<\/div>\n\t\t\t\t<\/div>\n\t\t\t\t<div class=\"elementor-element elementor-element-0777072 elementor-align-center elementor-widget elementor-widget-button\" data-id=\"0777072\" data-element_type=\"widget\" data-widget_type=\"button.default\">\n\t\t\t\t<div class=\"elementor-widget-container\">\n\t\t\t\t\t\t\t\t\t<div class=\"elementor-button-wrapper\">\n\t\t\t\t\t<a class=\"elementor-button elementor-button-link elementor-size-sm\" href=\"https:\/\/doctoraherraiz.com\/index.php\/cirugias\/cirugia-plastica-reparadora\/tratamiento-de-tumores-cutaneos\/\" id=\"btn-mas-info\">\n\t\t\t\t\t\t<span class=\"elementor-button-content-wrapper\">\n\t\t\t\t\t\t\t\t\t<span class=\"elementor-button-text\">M\u00e1s informaci\u00f3n<\/span>\n\t\t\t\t\t<\/span>\n\t\t\t\t\t<\/a>\n\t\t\t\t<\/div>\n\t\t\t\t\t\t\t\t<\/div>\n\t\t\t\t<\/div>\n\t\t\t\t<\/div>\n\t\t<div class=\"elementor-element elementor-element-d33f647 e-con-full e-flex elementor-invisible e-con e-child\" data-id=\"d33f647\" data-element_type=\"container\" data-settings=\"{&quot;animation&quot;:&quot;fadeInUp&quot;,&quot;animation_delay&quot;:100}\">\n\t\t\t\t<div class=\"elementor-element elementor-element-a3121d7 elementor-widget elementor-widget-image\" data-id=\"a3121d7\" data-element_type=\"widget\" data-widget_type=\"image.default\">\n\t\t\t\t<div class=\"elementor-widget-container\">\n\t\t\t\t\t\t\t\t\t\t\t\t\t\t\t<img decoding=\"async\" width=\"800\" height=\"800\" src=\"http:\/\/doctoraherraiz.com\/wp-content\/uploads\/2025\/01\/post-bariatrica.jpg\" class=\"attachment-large size-large wp-image-953\" alt=\"\" srcset=\"http:\/\/doctoraherraiz.com\/wp-content\/uploads\/2025\/01\/post-bariatrica.jpg 800w, http:\/\/doctoraherraiz.com\/wp-content\/uploads\/2025\/01\/post-bariatrica-300x300.jpg 300w, http:\/\/doctoraherraiz.com\/wp-content\/uploads\/2025\/01\/post-bariatrica-150x150.jpg 150w, http:\/\/doctoraherraiz.com\/wp-content\/uploads\/2025\/01\/post-bariatrica-768x768.jpg 768w\" sizes=\"(max-width: 800px) 100vw, 800px\" \/>\t\t\t\t\t\t\t\t\t\t\t\t\t\t\t<\/div>\n\t\t\t\t<\/div>\n\t\t\t\t<div class=\"elementor-element elementor-element-6c10923 elementor-widget elementor-widget-heading\" data-id=\"6c10923\" data-element_type=\"widget\" data-widget_type=\"heading.default\">\n\t\t\t\t<div class=\"elementor-widget-container\">\n\t\t\t\t\t<h3 class=\"elementor-heading-title elementor-size-default\">Cirug\u00eda post bari\u00e1trica<\/h3>\t\t\t\t<\/div>\n\t\t\t\t<\/div>\n\t\t\t\t<div class=\"elementor-element elementor-element-041c2b9 elementor-widget elementor-widget-text-editor\" data-id=\"041c2b9\" data-element_type=\"widget\" data-widget_type=\"text-editor.default\">\n\t\t\t\t<div class=\"elementor-widget-container\">\n\t\t\t\t\t\t\t\t\t<p>La cirug\u00eda <strong>post bari\u00e1trica<\/strong> se realiza para <em>corregir<\/em> problemas est\u00e9ticos y funcionales que pueden surgir tras una cirug\u00eda bari\u00e1trica que implique una <u>p\u00e9rdida de peso significativa<\/u>.<\/p><p>Tambi\u00e9n puede realizarse en personas que hayan perdido peso mediante m\u00e9todos no quir\u00fargicos.<\/p>\t\t\t\t\t\t\t\t<\/div>\n\t\t\t\t<\/div>\n\t\t\t\t<div class=\"elementor-element elementor-element-04bff2d elementor-align-center elementor-widget elementor-widget-button\" data-id=\"04bff2d\" data-element_type=\"widget\" data-widget_type=\"button.default\">\n\t\t\t\t<div class=\"elementor-widget-container\">\n\t\t\t\t\t\t\t\t\t<div class=\"elementor-button-wrapper\">\n\t\t\t\t\t<a class=\"elementor-button elementor-button-link elementor-size-sm\" href=\"https:\/\/doctoraherraiz.com\/index.php\/cirugias\/cirugia-plastica-reparadora\/cirugia-post-bariatrica\/\" id=\"btn-mas-info\">\n\t\t\t\t\t\t<span class=\"elementor-button-content-wrapper\">\n\t\t\t\t\t\t\t\t\t<span class=\"elementor-button-text\">M\u00e1s informaci\u00f3n<\/span>\n\t\t\t\t\t<\/span>\n\t\t\t\t\t<\/a>\n\t\t\t\t<\/div>\n\t\t\t\t\t\t\t\t<\/div>\n\t\t\t\t<\/div>\n\t\t\t\t<\/div>\n\t\t<div class=\"elementor-element elementor-element-18ccf59 e-con-full e-flex elementor-invisible e-con e-child\" data-id=\"18ccf59\" data-element_type=\"container\" data-settings=\"{&quot;animation&quot;:&quot;fadeInUp&quot;,&quot;animation_delay&quot;:300}\">\n\t\t\t\t<div class=\"elementor-element elementor-element-c31253b elementor-widget elementor-widget-image\" data-id=\"c31253b\" data-element_type=\"widget\" data-widget_type=\"image.default\">\n\t\t\t\t<div class=\"elementor-widget-container\">\n\t\t\t\t\t\t\t\t\t\t\t\t\t\t\t<img loading=\"lazy\" decoding=\"async\" width=\"800\" height=\"800\" src=\"http:\/\/doctoraherraiz.com\/wp-content\/uploads\/2025\/01\/cicatrices.jpg\" class=\"attachment-large size-large wp-image-945\" alt=\"\" srcset=\"http:\/\/doctoraherraiz.com\/wp-content\/uploads\/2025\/01\/cicatrices.jpg 800w, http:\/\/doctoraherraiz.com\/wp-content\/uploads\/2025\/01\/cicatrices-300x300.jpg 300w, http:\/\/doctoraherraiz.com\/wp-content\/uploads\/2025\/01\/cicatrices-150x150.jpg 150w, http:\/\/doctoraherraiz.com\/wp-content\/uploads\/2025\/01\/cicatrices-768x768.jpg 768w\" sizes=\"(max-width: 800px) 100vw, 800px\" \/>\t\t\t\t\t\t\t\t\t\t\t\t\t\t\t<\/div>\n\t\t\t\t<\/div>\n\t\t\t\t<div class=\"elementor-element elementor-element-2ea5b1e elementor-widget elementor-widget-heading\" data-id=\"2ea5b1e\" data-element_type=\"widget\" data-widget_type=\"heading.default\">\n\t\t\t\t<div class=\"elementor-widget-container\">\n\t\t\t\t\t<h3 class=\"elementor-heading-title elementor-size-default\">Tratamiento de cicatrices<\/h3>\t\t\t\t<\/div>\n\t\t\t\t<\/div>\n\t\t\t\t<div class=\"elementor-element elementor-element-a8fb168 elementor-widget elementor-widget-text-editor\" data-id=\"a8fb168\" data-element_type=\"widget\" data-widget_type=\"text-editor.default\">\n\t\t\t\t<div class=\"elementor-widget-container\">\n\t\t\t\t\t\t\t\t\t<p>Las <em><u>cicatrices<\/u><\/em> son acumulaciones de tejido fibroso, que normalmente se han producido por haber tenido alg\u00fan tipo de lesi\u00f3n en nuestra piel.<\/p><p>El objetivo de la cirug\u00eda reconstructiva para cicatrices y quemaduras es <strong>restaurar<\/strong> la funci\u00f3n normal de la piel y <strong>mejorar<\/strong> la apariencia est\u00e9tica.<\/p>\t\t\t\t\t\t\t\t<\/div>\n\t\t\t\t<\/div>\n\t\t\t\t<div class=\"elementor-element elementor-element-7473a7e elementor-align-center elementor-widget elementor-widget-button\" data-id=\"7473a7e\" data-element_type=\"widget\" data-widget_type=\"button.default\">\n\t\t\t\t<div class=\"elementor-widget-container\">\n\t\t\t\t\t\t\t\t\t<div class=\"elementor-button-wrapper\">\n\t\t\t\t\t<a class=\"elementor-button elementor-button-link elementor-size-sm\" href=\"https:\/\/doctoraherraiz.com\/index.php\/cirugias\/cirugia-plastica-reparadora\/tratamiento-de-cicatrices\/\" id=\"btn-mas-info\">\n\t\t\t\t\t\t<span class=\"elementor-button-content-wrapper\">\n\t\t\t\t\t\t\t\t\t<span class=\"elementor-button-text\">M\u00e1s informaci\u00f3n<\/span>\n\t\t\t\t\t<\/span>\n\t\t\t\t\t<\/a>\n\t\t\t\t<\/div>\n\t\t\t\t\t\t\t\t<\/div>\n\t\t\t\t<\/div>\n\t\t\t\t<\/div>\n\t\t\t\t<\/div>\n\t\t\t\t<\/div>\n\t\t<div class=\"elementor-element elementor-element-759b95d e-flex e-con-boxed e-con e-parent\" data-id=\"759b95d\" data-element_type=\"container\" data-settings=\"{&quot;background_background&quot;:&quot;classic&quot;}\">\n\t\t\t\t\t<div class=\"e-con-inner\">\n\t\t<div class=\"elementor-element elementor-element-d89ec4d e-con-full e-flex e-con e-child\" data-id=\"d89ec4d\" data-element_type=\"container\">\n\t\t\t\t<div class=\"elementor-element elementor-element-a2c5321 elementor-widget elementor-widget-heading\" data-id=\"a2c5321\" data-element_type=\"widget\" data-widget_type=\"heading.default\">\n\t\t\t\t<div class=\"elementor-widget-container\">\n\t\t\t\t\t<h3 class=\"elementor-heading-title elementor-size-default\">Mi concepto de la cirug\u00eda pl\u00e1stica<\/h3>\t\t\t\t<\/div>\n\t\t\t\t<\/div>\n\t\t\t\t<div class=\"elementor-element elementor-element-b64fcb9 elementor-widget elementor-widget-text-editor\" data-id=\"b64fcb9\" data-element_type=\"widget\" data-widget_type=\"text-editor.default\">\n\t\t\t\t<div class=\"elementor-widget-container\">\n\t\t\t\t\t\t\t\t\t<p>Someterse a una intervenci\u00f3n de cirug\u00eda pl\u00e1stica, ya sea est\u00e9tica o reconstructiva, no es algo que deba tomarse a la ligera. Tiene que ser una <em>decisi\u00f3n<\/em> totalmente <em>consciente<\/em> y <em>meditada<\/em>.<\/p>\t\t\t\t\t\t\t\t<\/div>\n\t\t\t\t<\/div>\n\t\t\t\t<\/div>\n\t\t<div class=\"elementor-element elementor-element-4a9f44b e-con-full e-flex e-con e-child\" data-id=\"4a9f44b\" data-element_type=\"container\" data-settings=\"{&quot;background_background&quot;:&quot;classic&quot;}\">\n\t\t\t\t<div class=\"elementor-element elementor-element-45cbb97 elementor-widget elementor-widget-image\" data-id=\"45cbb97\" data-element_type=\"widget\" data-widget_type=\"image.default\">\n\t\t\t\t<div class=\"elementor-widget-container\">\n\t\t\t\t\t\t\t\t\t\t\t\t\t\t\t<img loading=\"lazy\" decoding=\"async\" width=\"950\" height=\"952\" src=\"http:\/\/doctoraherraiz.com\/wp-content\/uploads\/2025\/01\/maria_herraiz_about_950x952.jpg\" class=\"attachment-large size-large wp-image-873\" alt=\"\" srcset=\"http:\/\/doctoraherraiz.com\/wp-content\/uploads\/2025\/01\/maria_herraiz_about_950x952.jpg 950w, http:\/\/doctoraherraiz.com\/wp-content\/uploads\/2025\/01\/maria_herraiz_about_950x952-300x300.jpg 300w, http:\/\/doctoraherraiz.com\/wp-content\/uploads\/2025\/01\/maria_herraiz_about_950x952-150x150.jpg 150w, http:\/\/doctoraherraiz.com\/wp-content\/uploads\/2025\/01\/maria_herraiz_about_950x952-768x770.jpg 768w\" sizes=\"(max-width: 950px) 100vw, 950px\" \/>\t\t\t\t\t\t\t\t\t\t\t\t\t\t\t<\/div>\n\t\t\t\t<\/div>\n\t\t\t\t<\/div>\n\t\t<div class=\"elementor-element elementor-element-bf7a2f6 e-con-full e-flex e-con e-child\" data-id=\"bf7a2f6\" data-element_type=\"container\">\n\t\t\t\t<div class=\"elementor-element elementor-element-8ac6eae elementor-widget elementor-widget-text-editor\" data-id=\"8ac6eae\" data-element_type=\"widget\" data-widget_type=\"text-editor.default\">\n\t\t\t\t<div class=\"elementor-widget-container\">\n\t\t\t\t\t\t\t\t\t<p>Sea cual sea el razonamiento que precede a esta decisi\u00f3n, mi trabajo siempre perseguir\u00e1 unos resultados con unas m\u00e1ximas muy concretas:<\/p>\t\t\t\t\t\t\t\t<\/div>\n\t\t\t\t<\/div>\n\t\t\t\t<div class=\"elementor-element elementor-element-e04189a elementor-align-left elementor-icon-list--layout-traditional elementor-list-item-link-full_width elementor-widget elementor-widget-icon-list\" data-id=\"e04189a\" data-element_type=\"widget\" data-widget_type=\"icon-list.default\">\n\t\t\t\t<div class=\"elementor-widget-container\">\n\t\t\t\t\t\t\t<ul class=\"elementor-icon-list-items\">\n\t\t\t\t\t\t\t<li class=\"elementor-icon-list-item\">\n\t\t\t\t\t\t\t\t\t\t\t<a href=\"#\">\n\n\t\t\t\t\t\t\t\t\t\t\t\t<span class=\"elementor-icon-list-icon\">\n\t\t\t\t\t\t\t<svg aria-hidden=\"true\" class=\"e-font-icon-svg e-fas-square-full\" viewBox=\"0 0 512 512\" xmlns=\"http:\/\/www.w3.org\/2000\/svg\"><path d=\"M512 512H0V0h512v512z\"><\/path><\/svg>\t\t\t\t\t\t<\/span>\n\t\t\t\t\t\t\t\t\t\t<span class=\"elementor-icon-list-text\">Profesionalidad<\/span>\n\t\t\t\t\t\t\t\t\t\t\t<\/a>\n\t\t\t\t\t\t\t\t\t<\/li>\n\t\t\t\t\t\t\t\t<li class=\"elementor-icon-list-item\">\n\t\t\t\t\t\t\t\t\t\t\t<a href=\"#\">\n\n\t\t\t\t\t\t\t\t\t\t\t\t<span class=\"elementor-icon-list-icon\">\n\t\t\t\t\t\t\t<svg aria-hidden=\"true\" class=\"e-font-icon-svg e-fas-square-full\" viewBox=\"0 0 512 512\" xmlns=\"http:\/\/www.w3.org\/2000\/svg\"><path d=\"M512 512H0V0h512v512z\"><\/path><\/svg>\t\t\t\t\t\t<\/span>\n\t\t\t\t\t\t\t\t\t\t<span class=\"elementor-icon-list-text\">Naturalidad<\/span>\n\t\t\t\t\t\t\t\t\t\t\t<\/a>\n\t\t\t\t\t\t\t\t\t<\/li>\n\t\t\t\t\t\t\t\t<li class=\"elementor-icon-list-item\">\n\t\t\t\t\t\t\t\t\t\t\t<a href=\"#\">\n\n\t\t\t\t\t\t\t\t\t\t\t\t<span class=\"elementor-icon-list-icon\">\n\t\t\t\t\t\t\t<svg aria-hidden=\"true\" class=\"e-font-icon-svg e-fas-square-full\" viewBox=\"0 0 512 512\" xmlns=\"http:\/\/www.w3.org\/2000\/svg\"><path d=\"M512 512H0V0h512v512z\"><\/path><\/svg>\t\t\t\t\t\t<\/span>\n\t\t\t\t\t\t\t\t\t\t<span class=\"elementor-icon-list-text\">Honestidad<\/span>\n\t\t\t\t\t\t\t\t\t\t\t<\/a>\n\t\t\t\t\t\t\t\t\t<\/li>\n\t\t\t\t\t\t\t\t<li class=\"elementor-icon-list-item\">\n\t\t\t\t\t\t\t\t\t\t\t<a href=\"#\">\n\n\t\t\t\t\t\t\t\t\t\t\t\t<span class=\"elementor-icon-list-icon\">\n\t\t\t\t\t\t\t<svg aria-hidden=\"true\" class=\"e-font-icon-svg e-fas-square-full\" viewBox=\"0 0 512 512\" xmlns=\"http:\/\/www.w3.org\/2000\/svg\"><path d=\"M512 512H0V0h512v512z\"><\/path><\/svg>\t\t\t\t\t\t<\/span>\n\t\t\t\t\t\t\t\t\t\t<span class=\"elementor-icon-list-text\">Cercan\u00eda<\/span>\n\t\t\t\t\t\t\t\t\t\t\t<\/a>\n\t\t\t\t\t\t\t\t\t<\/li>\n\t\t\t\t\t\t\t\t<li class=\"elementor-icon-list-item\">\n\t\t\t\t\t\t\t\t\t\t\t<a href=\"#\">\n\n\t\t\t\t\t\t\t\t\t\t\t\t<span class=\"elementor-icon-list-icon\">\n\t\t\t\t\t\t\t<svg aria-hidden=\"true\" class=\"e-font-icon-svg e-fas-square-full\" viewBox=\"0 0 512 512\" xmlns=\"http:\/\/www.w3.org\/2000\/svg\"><path d=\"M512 512H0V0h512v512z\"><\/path><\/svg>\t\t\t\t\t\t<\/span>\n\t\t\t\t\t\t\t\t\t\t<span class=\"elementor-icon-list-text\">B\u00fasqueda de la armon\u00eda corporal<\/span>\n\t\t\t\t\t\t\t\t\t\t\t<\/a>\n\t\t\t\t\t\t\t\t\t<\/li>\n\t\t\t\t\t\t<\/ul>\n\t\t\t\t\t\t<\/div>\n\t\t\t\t<\/div>\n\t\t\t\t<\/div>\n\t\t\t\t\t<\/div>\n\t\t\t\t<\/div>\n\t\t\t\t<\/div>\n\t\t","protected":false},"excerpt":{"rendered":"<p>CIRUG\u00cdAs Cirug\u00eda pl\u00e1stica reparadora Reconstrucci\u00f3n de mama La reconstrucci\u00f3n mamaria es un procedimiento quir\u00fargico destinado a restaurar la forma, la [&hellip;]<\/p>\n","protected":false},"author":1,"featured_media":0,"parent":841,"menu_order":0,"comment_status":"closed","ping_status":"closed","template":"","meta":{"site-sidebar-layout":"no-sidebar","site-content-layout":"","ast-site-content-layout":"full-width-container","site-content-style":"default","site-sidebar-style":"default","ast-global-header-display":"","ast-banner-title-visibility":"","ast-main-header-display":"","ast-hfb-above-header-display":"","ast-hfb-below-header-display":"","ast-hfb-mobile-header-display":"","site-post-title":"disabled","ast-breadcrumbs-content":"","ast-featured-img":"disabled","footer-sml-layout":"","theme-transparent-header-meta":"","adv-header-id-meta":"","stick-header-meta":"","header-above-stick-meta":"","header-main-stick-meta":"","header-below-stick-meta":"","astra-migrate-meta-layouts":"default","ast-page-background-enabled":"default","ast-page-background-meta":{"desktop":{"background-color":"var(--ast-global-color-4)","background-image":"","background-repeat":"repeat","background-position":"center center","background-size":"auto","background-attachment":"scroll","background-type":"","background-media":"","overlay-type":"","overlay-color":"","overlay-opacity":"","overlay-gradient":""},"tablet":{"background-color":"","background-image":"","background-repeat":"repeat","background-position":"center center","background-size":"auto","background-attachment":"scroll","background-type":"","background-media":"","overlay-type":"","overlay-color":"","overlay-opacity":"","overlay-gradient":""},"mobile":{"background-color":"","background-image":"","background-repeat":"repeat","background-position":"center center","background-size":"auto","background-attachment":"scroll","background-type":"","background-media":"","overlay-type":"","overlay-color":"","overlay-opacity":"","overlay-gradient":""}},"ast-content-background-meta":{"desktop":{"background-color":"var(--ast-global-color-5)","background-image":"","background-repeat":"repeat","background-position":"center center","background-size":"auto","background-attachment":"scroll","background-type":"","background-media":"","overlay-type":"","overlay-color":"","overlay-opacity":"","overlay-gradient":""},"tablet":{"background-color":"var(--ast-global-color-5)","background-image":"","background-repeat":"repeat","background-position":"center center","background-size":"auto","background-attachment":"scroll","background-type":"","background-media":"","overlay-type":"","overlay-color":"","overlay-opacity":"","overlay-gradient":""},"mobile":{"background-color":"var(--ast-global-color-5)","background-image":"","background-repeat":"repeat","background-position":"center center","background-size":"auto","background-attachment":"scroll","background-type":"","background-media":"","overlay-type":"","overlay-color":"","overlay-opacity":"","overlay-gradient":""}},"footnotes":""},"class_list":["post-795","page","type-page","status-publish","hentry"],"_links":{"self":[{"href":"http:\/\/doctoraherraiz.com\/index.php\/wp-json\/wp\/v2\/pages\/795","targetHints":{"allow":["GET"]}}],"collection":[{"href":"http:\/\/doctoraherraiz.com\/index.php\/wp-json\/wp\/v2\/pages"}],"about":[{"href":"http:\/\/doctoraherraiz.com\/index.php\/wp-json\/wp\/v2\/types\/page"}],"author":[{"embeddable":true,"href":"http:\/\/doctoraherraiz.com\/index.php\/wp-json\/wp\/v2\/users\/1"}],"replies":[{"embeddable":true,"href":"http:\/\/doctoraherraiz.com\/index.php\/wp-json\/wp\/v2\/comments?post=795"}],"version-history":[{"count":7,"href":"http:\/\/doctoraherraiz.com\/index.php\/wp-json\/wp\/v2\/pages\/795\/revisions"}],"predecessor-version":[{"id":1247,"href":"http:\/\/doctoraherraiz.com\/index.php\/wp-json\/wp\/v2\/pages\/795\/revisions\/1247"}],"up":[{"embeddable":true,"href":"http:\/\/doctoraherraiz.com\/index.php\/wp-json\/wp\/v2\/pages\/841"}],"wp:attachment":[{"href":"http:\/\/doctoraherraiz.com\/index.php\/wp-json\/wp\/v2\/media?parent=795"}],"curies":[{"name":"wp","href":"https:\/\/api.w.org\/{rel}","templated":true}]}}