{"id":839,"date":"2025-01-26T10:44:36","date_gmt":"2025-01-26T10:44:36","guid":{"rendered":"https:\/\/doctoraherraiz.com\/?page_id=839"},"modified":"2025-01-26T16:19:37","modified_gmt":"2025-01-26T16:19:37","slug":"cirugia-facial","status":"publish","type":"page","link":"http:\/\/doctoraherraiz.com\/index.php\/cirugias\/cirugia-plastica-estetica\/cirugia-facial\/","title":{"rendered":"Cirug\u00eda facial"},"content":{"rendered":"\t\t<div data-elementor-type=\"wp-page\" data-elementor-id=\"839\" class=\"elementor elementor-839\" data-elementor-post-type=\"page\">\n\t\t\t\t<div class=\"elementor-element elementor-element-acaaa99 e-flex e-con-boxed e-con e-parent\" data-id=\"acaaa99\" data-element_type=\"container\" data-settings=\"{&quot;background_background&quot;:&quot;classic&quot;}\">\n\t\t\t\t\t<div class=\"e-con-inner\">\n\t\t<div class=\"elementor-element elementor-element-43961f2 e-con-full e-flex e-con e-child\" data-id=\"43961f2\" data-element_type=\"container\">\n\t\t\t\t<div class=\"elementor-element elementor-element-2b1e8d8 elementor-widget elementor-widget-heading\" data-id=\"2b1e8d8\" data-element_type=\"widget\" data-widget_type=\"heading.default\">\n\t\t\t\t<div class=\"elementor-widget-container\">\n\t\t\t\t\t<h2 class=\"elementor-heading-title elementor-size-default\">CIRUG\u00cdAS &gt; CIRUG\u00cdA PL\u00c1STICA EST\u00c9TICA<\/h2>\t\t\t\t<\/div>\n\t\t\t\t<\/div>\n\t\t\t\t<div class=\"elementor-element elementor-element-2cb3368 elementor-widget elementor-widget-heading\" data-id=\"2cb3368\" data-element_type=\"widget\" data-widget_type=\"heading.default\">\n\t\t\t\t<div class=\"elementor-widget-container\">\n\t\t\t\t\t<h1 class=\"elementor-heading-title elementor-size-default\">Cirug\u00eda facial<\/h1>\t\t\t\t<\/div>\n\t\t\t\t<\/div>\n\t\t\t\t<\/div>\n\t\t\t\t\t<\/div>\n\t\t\t\t<\/div>\n\t\t<div class=\"elementor-element elementor-element-5251795 e-con-full e-flex e-con e-parent\" data-id=\"5251795\" data-element_type=\"container\" data-settings=\"{&quot;background_background&quot;:&quot;classic&quot;}\">\n\t\t<div class=\"elementor-element elementor-element-3bbe457 e-con-full e-flex e-con e-child\" data-id=\"3bbe457\" data-element_type=\"container\">\n\t\t<div class=\"elementor-element elementor-element-eaae790 e-con-full e-flex elementor-invisible e-con e-child\" data-id=\"eaae790\" data-element_type=\"container\" data-settings=\"{&quot;animation&quot;:&quot;fadeInUp&quot;,&quot;animation_delay&quot;:100}\">\n\t\t\t\t<div class=\"elementor-element elementor-element-6f77937 elementor-widget elementor-widget-image\" data-id=\"6f77937\" data-element_type=\"widget\" data-widget_type=\"image.default\">\n\t\t\t\t<div class=\"elementor-widget-container\">\n\t\t\t\t\t\t\t\t\t\t\t\t\t\t\t<img fetchpriority=\"high\" decoding=\"async\" width=\"800\" height=\"800\" src=\"http:\/\/doctoraherraiz.com\/wp-content\/uploads\/2025\/01\/blefaroplastia-1.jpg\" class=\"attachment-large size-large wp-image-959\" alt=\"\" srcset=\"http:\/\/doctoraherraiz.com\/wp-content\/uploads\/2025\/01\/blefaroplastia-1.jpg 800w, http:\/\/doctoraherraiz.com\/wp-content\/uploads\/2025\/01\/blefaroplastia-1-300x300.jpg 300w, http:\/\/doctoraherraiz.com\/wp-content\/uploads\/2025\/01\/blefaroplastia-1-150x150.jpg 150w, http:\/\/doctoraherraiz.com\/wp-content\/uploads\/2025\/01\/blefaroplastia-1-768x768.jpg 768w\" sizes=\"(max-width: 800px) 100vw, 800px\" \/>\t\t\t\t\t\t\t\t\t\t\t\t\t\t\t<\/div>\n\t\t\t\t<\/div>\n\t\t\t\t<div class=\"elementor-element elementor-element-6db48fd elementor-widget elementor-widget-heading\" data-id=\"6db48fd\" data-element_type=\"widget\" data-widget_type=\"heading.default\">\n\t\t\t\t<div class=\"elementor-widget-container\">\n\t\t\t\t\t<h3 class=\"elementor-heading-title elementor-size-default\">Blefaroplastia<\/h3>\t\t\t\t<\/div>\n\t\t\t\t<\/div>\n\t\t\t\t<div class=\"elementor-element elementor-element-bdd8597 elementor-widget elementor-widget-text-editor\" data-id=\"bdd8597\" data-element_type=\"widget\" data-widget_type=\"text-editor.default\">\n\t\t\t\t<div class=\"elementor-widget-container\">\n\t\t\t\t\t\t\t\t\t<p>La blefaroplastia o <em>cirug\u00eda de los p\u00e1rpados <\/em>es aquella que consiste en rejuvenecer la mirada mediante diferentes t\u00e9cnicas quir\u00fargicas.<\/p><p>Por un lado, se puede mejorar la ca\u00edda de los p\u00e1rpados, y por otro, se pueden eliminar las llamadas <em>bolsas,<\/em> que no son otra cosa que peque\u00f1os ac\u00famulos de grasa.<\/p>\t\t\t\t\t\t\t\t<\/div>\n\t\t\t\t<\/div>\n\t\t\t\t<div class=\"elementor-element elementor-element-1e737b9 elementor-align-center elementor-widget elementor-widget-button\" data-id=\"1e737b9\" data-element_type=\"widget\" data-widget_type=\"button.default\">\n\t\t\t\t<div class=\"elementor-widget-container\">\n\t\t\t\t\t\t\t\t\t<div class=\"elementor-button-wrapper\">\n\t\t\t\t\t<a class=\"elementor-button elementor-button-link elementor-size-sm\" href=\"https:\/\/doctoraherraiz.com\/index.php\/cirugias\/cirugia-plastica-estetica\/cirugia-facial\/blefaroplastia\/\" id=\"btn-mas-info\">\n\t\t\t\t\t\t<span class=\"elementor-button-content-wrapper\">\n\t\t\t\t\t\t\t\t\t<span class=\"elementor-button-text\">M\u00e1s informaci\u00f3n<\/span>\n\t\t\t\t\t<\/span>\n\t\t\t\t\t<\/a>\n\t\t\t\t<\/div>\n\t\t\t\t\t\t\t\t<\/div>\n\t\t\t\t<\/div>\n\t\t\t\t<\/div>\n\t\t<div class=\"elementor-element elementor-element-466b51c e-con-full e-flex elementor-invisible e-con e-child\" data-id=\"466b51c\" data-element_type=\"container\" data-settings=\"{&quot;animation&quot;:&quot;fadeInUp&quot;,&quot;animation_delay&quot;:100}\">\n\t\t\t\t<div class=\"elementor-element elementor-element-cd5fd92 elementor-widget elementor-widget-image\" data-id=\"cd5fd92\" data-element_type=\"widget\" data-widget_type=\"image.default\">\n\t\t\t\t<div class=\"elementor-widget-container\">\n\t\t\t\t\t\t\t\t\t\t\t\t\t\t\t<img decoding=\"async\" width=\"800\" height=\"800\" src=\"http:\/\/doctoraherraiz.com\/wp-content\/uploads\/2025\/01\/otoplastia.jpg\" class=\"attachment-large size-large wp-image-944\" alt=\"\" srcset=\"http:\/\/doctoraherraiz.com\/wp-content\/uploads\/2025\/01\/otoplastia.jpg 800w, http:\/\/doctoraherraiz.com\/wp-content\/uploads\/2025\/01\/otoplastia-300x300.jpg 300w, http:\/\/doctoraherraiz.com\/wp-content\/uploads\/2025\/01\/otoplastia-150x150.jpg 150w, http:\/\/doctoraherraiz.com\/wp-content\/uploads\/2025\/01\/otoplastia-768x768.jpg 768w\" sizes=\"(max-width: 800px) 100vw, 800px\" \/>\t\t\t\t\t\t\t\t\t\t\t\t\t\t\t<\/div>\n\t\t\t\t<\/div>\n\t\t\t\t<div class=\"elementor-element elementor-element-77d499f elementor-widget elementor-widget-heading\" data-id=\"77d499f\" data-element_type=\"widget\" data-widget_type=\"heading.default\">\n\t\t\t\t<div class=\"elementor-widget-container\">\n\t\t\t\t\t<h3 class=\"elementor-heading-title elementor-size-default\">Otoplastia<\/h3>\t\t\t\t<\/div>\n\t\t\t\t<\/div>\n\t\t\t\t<div class=\"elementor-element elementor-element-6eb827a elementor-widget elementor-widget-text-editor\" data-id=\"6eb827a\" data-element_type=\"widget\" data-widget_type=\"text-editor.default\">\n\t\t\t\t<div class=\"elementor-widget-container\">\n\t\t\t\t\t\t\t\t\t<p>La otoplastia o <em>cirug\u00eda de las orejas <\/em>es un procedimiento quir\u00fargico dise\u00f1ado para corregir la apariencia de las orejas prominentes, com\u00fanmente llamadas \u201corejas de soplillo\u201d u \u201corejas en asa\u201d.<\/p><p>Durante la cirug\u00eda, se remodela el cart\u00edlago de la oreja para crear una forma m\u00e1s natural y colocar las orejas en una posici\u00f3n m\u00e1s cercana a la cabeza.<\/p>\t\t\t\t\t\t\t\t<\/div>\n\t\t\t\t<\/div>\n\t\t\t\t<div class=\"elementor-element elementor-element-dea1278 elementor-align-center elementor-widget elementor-widget-button\" data-id=\"dea1278\" data-element_type=\"widget\" data-widget_type=\"button.default\">\n\t\t\t\t<div class=\"elementor-widget-container\">\n\t\t\t\t\t\t\t\t\t<div class=\"elementor-button-wrapper\">\n\t\t\t\t\t<a class=\"elementor-button elementor-button-link elementor-size-sm\" href=\"https:\/\/doctoraherraiz.com\/index.php\/cirugias\/cirugia-plastica-estetica\/cirugia-facial\/otoplastia\/\" id=\"btn-mas-info\">\n\t\t\t\t\t\t<span class=\"elementor-button-content-wrapper\">\n\t\t\t\t\t\t\t\t\t<span class=\"elementor-button-text\">M\u00e1s informaci\u00f3n<\/span>\n\t\t\t\t\t<\/span>\n\t\t\t\t\t<\/a>\n\t\t\t\t<\/div>\n\t\t\t\t\t\t\t\t<\/div>\n\t\t\t\t<\/div>\n\t\t\t\t<\/div>\n\t\t<div class=\"elementor-element elementor-element-f1f3548 e-con-full e-flex elementor-invisible e-con e-child\" data-id=\"f1f3548\" data-element_type=\"container\" data-settings=\"{&quot;animation&quot;:&quot;fadeInUp&quot;,&quot;animation_delay&quot;:200}\">\n\t\t\t\t<div class=\"elementor-element elementor-element-fda971a elementor-widget elementor-widget-image\" data-id=\"fda971a\" data-element_type=\"widget\" data-widget_type=\"image.default\">\n\t\t\t\t<div class=\"elementor-widget-container\">\n\t\t\t\t\t\t\t\t\t\t\t\t\t\t\t<img decoding=\"async\" width=\"800\" height=\"800\" src=\"http:\/\/doctoraherraiz.com\/wp-content\/uploads\/2025\/01\/lobuloplastia.jpg\" class=\"attachment-large size-large wp-image-964\" alt=\"lobuloplastia\" srcset=\"http:\/\/doctoraherraiz.com\/wp-content\/uploads\/2025\/01\/lobuloplastia.jpg 800w, http:\/\/doctoraherraiz.com\/wp-content\/uploads\/2025\/01\/lobuloplastia-300x300.jpg 300w, http:\/\/doctoraherraiz.com\/wp-content\/uploads\/2025\/01\/lobuloplastia-150x150.jpg 150w, http:\/\/doctoraherraiz.com\/wp-content\/uploads\/2025\/01\/lobuloplastia-768x768.jpg 768w\" sizes=\"(max-width: 800px) 100vw, 800px\" \/>\t\t\t\t\t\t\t\t\t\t\t\t\t\t\t<\/div>\n\t\t\t\t<\/div>\n\t\t\t\t<div class=\"elementor-element elementor-element-d6fa59b elementor-widget elementor-widget-heading\" data-id=\"d6fa59b\" data-element_type=\"widget\" data-widget_type=\"heading.default\">\n\t\t\t\t<div class=\"elementor-widget-container\">\n\t\t\t\t\t<h3 class=\"elementor-heading-title elementor-size-default\">Lobuloplastia<\/h3>\t\t\t\t<\/div>\n\t\t\t\t<\/div>\n\t\t\t\t<div class=\"elementor-element elementor-element-3a6afa2 elementor-widget elementor-widget-text-editor\" data-id=\"3a6afa2\" data-element_type=\"widget\" data-widget_type=\"text-editor.default\">\n\t\t\t\t<div class=\"elementor-widget-container\">\n\t\t\t\t\t\t\t\t\t<p>La cirug\u00eda de <em>l\u00f3bulos rasgados<\/em> o lobuloplastia es una operaci\u00f3n muy sencilla y tambi\u00e9n bastante solicitada.<\/p><p>A trav\u00e9s de ella, la Dra. Herraiz corrige el estado de los l\u00f3bulos de las orejas que se han rasgado parcial o totalmente por el uso continuado de pendientes pesados o por otros motivos.<\/p>\t\t\t\t\t\t\t\t<\/div>\n\t\t\t\t<\/div>\n\t\t\t\t<div class=\"elementor-element elementor-element-09cdc3c elementor-align-center elementor-widget elementor-widget-button\" data-id=\"09cdc3c\" data-element_type=\"widget\" data-widget_type=\"button.default\">\n\t\t\t\t<div class=\"elementor-widget-container\">\n\t\t\t\t\t\t\t\t\t<div class=\"elementor-button-wrapper\">\n\t\t\t\t\t<a class=\"elementor-button elementor-button-link elementor-size-sm\" href=\"https:\/\/doctoraherraiz.com\/index.php\/cirugias\/cirugia-plastica-estetica\/cirugia-facial\/lobulos-rasgados-o-lobuloplastia\/\" id=\"btn-mas-info\">\n\t\t\t\t\t\t<span class=\"elementor-button-content-wrapper\">\n\t\t\t\t\t\t\t\t\t<span class=\"elementor-button-text\">M\u00e1s informaci\u00f3n<\/span>\n\t\t\t\t\t<\/span>\n\t\t\t\t\t<\/a>\n\t\t\t\t<\/div>\n\t\t\t\t\t\t\t\t<\/div>\n\t\t\t\t<\/div>\n\t\t\t\t<\/div>\n\t\t\t\t<\/div>\n\t\t\t\t<\/div>\n\t\t<div class=\"elementor-element elementor-element-e138ac0 e-flex e-con-boxed e-con e-parent\" data-id=\"e138ac0\" data-element_type=\"container\" data-settings=\"{&quot;background_background&quot;:&quot;classic&quot;}\">\n\t\t\t\t\t<div class=\"e-con-inner\">\n\t\t<div class=\"elementor-element elementor-element-60b3c0d e-con-full e-flex e-con e-child\" data-id=\"60b3c0d\" data-element_type=\"container\">\n\t\t\t\t<div class=\"elementor-element elementor-element-d763e0a elementor-widget elementor-widget-heading\" data-id=\"d763e0a\" data-element_type=\"widget\" data-widget_type=\"heading.default\">\n\t\t\t\t<div class=\"elementor-widget-container\">\n\t\t\t\t\t<h3 class=\"elementor-heading-title elementor-size-default\">Mi concepto de la cirug\u00eda pl\u00e1stica<\/h3>\t\t\t\t<\/div>\n\t\t\t\t<\/div>\n\t\t\t\t<div class=\"elementor-element elementor-element-b94f4c1 elementor-widget elementor-widget-text-editor\" data-id=\"b94f4c1\" data-element_type=\"widget\" data-widget_type=\"text-editor.default\">\n\t\t\t\t<div class=\"elementor-widget-container\">\n\t\t\t\t\t\t\t\t\t<p>Someterse a una intervenci\u00f3n de cirug\u00eda pl\u00e1stica, ya sea est\u00e9tica o reconstructiva, no es algo que deba tomarse a la ligera. Tiene que ser una <em>decisi\u00f3n<\/em> totalmente <em>consciente<\/em> y <em>meditada<\/em>.<\/p>\t\t\t\t\t\t\t\t<\/div>\n\t\t\t\t<\/div>\n\t\t\t\t<\/div>\n\t\t<div class=\"elementor-element elementor-element-fff06b2 e-con-full e-flex e-con e-child\" data-id=\"fff06b2\" data-element_type=\"container\" data-settings=\"{&quot;background_background&quot;:&quot;classic&quot;}\">\n\t\t\t\t<div class=\"elementor-element elementor-element-8a6b199 elementor-widget elementor-widget-image\" data-id=\"8a6b199\" data-element_type=\"widget\" data-widget_type=\"image.default\">\n\t\t\t\t<div class=\"elementor-widget-container\">\n\t\t\t\t\t\t\t\t\t\t\t\t\t\t\t<img loading=\"lazy\" decoding=\"async\" width=\"950\" height=\"952\" src=\"http:\/\/doctoraherraiz.com\/wp-content\/uploads\/2025\/01\/maria_herraiz_about_950x952.jpg\" class=\"attachment-large size-large wp-image-873\" alt=\"\" srcset=\"http:\/\/doctoraherraiz.com\/wp-content\/uploads\/2025\/01\/maria_herraiz_about_950x952.jpg 950w, http:\/\/doctoraherraiz.com\/wp-content\/uploads\/2025\/01\/maria_herraiz_about_950x952-300x300.jpg 300w, http:\/\/doctoraherraiz.com\/wp-content\/uploads\/2025\/01\/maria_herraiz_about_950x952-150x150.jpg 150w, http:\/\/doctoraherraiz.com\/wp-content\/uploads\/2025\/01\/maria_herraiz_about_950x952-768x770.jpg 768w\" sizes=\"(max-width: 950px) 100vw, 950px\" \/>\t\t\t\t\t\t\t\t\t\t\t\t\t\t\t<\/div>\n\t\t\t\t<\/div>\n\t\t\t\t<\/div>\n\t\t<div class=\"elementor-element elementor-element-d57c534 e-con-full e-flex e-con e-child\" data-id=\"d57c534\" data-element_type=\"container\">\n\t\t\t\t<div class=\"elementor-element elementor-element-60e3707 elementor-widget elementor-widget-text-editor\" data-id=\"60e3707\" data-element_type=\"widget\" data-widget_type=\"text-editor.default\">\n\t\t\t\t<div class=\"elementor-widget-container\">\n\t\t\t\t\t\t\t\t\t<p>Sea cual sea el razonamiento que precede a esta decisi\u00f3n, mi trabajo siempre perseguir\u00e1 unos resultados con unas m\u00e1ximas muy concretas:<\/p>\t\t\t\t\t\t\t\t<\/div>\n\t\t\t\t<\/div>\n\t\t\t\t<div class=\"elementor-element elementor-element-7437238 elementor-align-left elementor-icon-list--layout-traditional elementor-list-item-link-full_width elementor-widget elementor-widget-icon-list\" data-id=\"7437238\" data-element_type=\"widget\" data-widget_type=\"icon-list.default\">\n\t\t\t\t<div class=\"elementor-widget-container\">\n\t\t\t\t\t\t\t<ul class=\"elementor-icon-list-items\">\n\t\t\t\t\t\t\t<li class=\"elementor-icon-list-item\">\n\t\t\t\t\t\t\t\t\t\t\t<a href=\"#\">\n\n\t\t\t\t\t\t\t\t\t\t\t\t<span class=\"elementor-icon-list-icon\">\n\t\t\t\t\t\t\t<svg aria-hidden=\"true\" class=\"e-font-icon-svg e-fas-square-full\" viewBox=\"0 0 512 512\" xmlns=\"http:\/\/www.w3.org\/2000\/svg\"><path d=\"M512 512H0V0h512v512z\"><\/path><\/svg>\t\t\t\t\t\t<\/span>\n\t\t\t\t\t\t\t\t\t\t<span class=\"elementor-icon-list-text\">Profesionalidad<\/span>\n\t\t\t\t\t\t\t\t\t\t\t<\/a>\n\t\t\t\t\t\t\t\t\t<\/li>\n\t\t\t\t\t\t\t\t<li class=\"elementor-icon-list-item\">\n\t\t\t\t\t\t\t\t\t\t\t<a href=\"#\">\n\n\t\t\t\t\t\t\t\t\t\t\t\t<span class=\"elementor-icon-list-icon\">\n\t\t\t\t\t\t\t<svg aria-hidden=\"true\" class=\"e-font-icon-svg e-fas-square-full\" viewBox=\"0 0 512 512\" xmlns=\"http:\/\/www.w3.org\/2000\/svg\"><path d=\"M512 512H0V0h512v512z\"><\/path><\/svg>\t\t\t\t\t\t<\/span>\n\t\t\t\t\t\t\t\t\t\t<span class=\"elementor-icon-list-text\">Naturalidad<\/span>\n\t\t\t\t\t\t\t\t\t\t\t<\/a>\n\t\t\t\t\t\t\t\t\t<\/li>\n\t\t\t\t\t\t\t\t<li class=\"elementor-icon-list-item\">\n\t\t\t\t\t\t\t\t\t\t\t<a href=\"#\">\n\n\t\t\t\t\t\t\t\t\t\t\t\t<span class=\"elementor-icon-list-icon\">\n\t\t\t\t\t\t\t<svg aria-hidden=\"true\" class=\"e-font-icon-svg e-fas-square-full\" viewBox=\"0 0 512 512\" xmlns=\"http:\/\/www.w3.org\/2000\/svg\"><path d=\"M512 512H0V0h512v512z\"><\/path><\/svg>\t\t\t\t\t\t<\/span>\n\t\t\t\t\t\t\t\t\t\t<span class=\"elementor-icon-list-text\">Honestidad<\/span>\n\t\t\t\t\t\t\t\t\t\t\t<\/a>\n\t\t\t\t\t\t\t\t\t<\/li>\n\t\t\t\t\t\t\t\t<li class=\"elementor-icon-list-item\">\n\t\t\t\t\t\t\t\t\t\t\t<a href=\"#\">\n\n\t\t\t\t\t\t\t\t\t\t\t\t<span class=\"elementor-icon-list-icon\">\n\t\t\t\t\t\t\t<svg aria-hidden=\"true\" class=\"e-font-icon-svg e-fas-square-full\" viewBox=\"0 0 512 512\" xmlns=\"http:\/\/www.w3.org\/2000\/svg\"><path d=\"M512 512H0V0h512v512z\"><\/path><\/svg>\t\t\t\t\t\t<\/span>\n\t\t\t\t\t\t\t\t\t\t<span class=\"elementor-icon-list-text\">Cercan\u00eda<\/span>\n\t\t\t\t\t\t\t\t\t\t\t<\/a>\n\t\t\t\t\t\t\t\t\t<\/li>\n\t\t\t\t\t\t\t\t<li class=\"elementor-icon-list-item\">\n\t\t\t\t\t\t\t\t\t\t\t<a href=\"#\">\n\n\t\t\t\t\t\t\t\t\t\t\t\t<span class=\"elementor-icon-list-icon\">\n\t\t\t\t\t\t\t<svg aria-hidden=\"true\" class=\"e-font-icon-svg e-fas-square-full\" viewBox=\"0 0 512 512\" xmlns=\"http:\/\/www.w3.org\/2000\/svg\"><path d=\"M512 512H0V0h512v512z\"><\/path><\/svg>\t\t\t\t\t\t<\/span>\n\t\t\t\t\t\t\t\t\t\t<span class=\"elementor-icon-list-text\">B\u00fasqueda de la armon\u00eda corporal<\/span>\n\t\t\t\t\t\t\t\t\t\t\t<\/a>\n\t\t\t\t\t\t\t\t\t<\/li>\n\t\t\t\t\t\t<\/ul>\n\t\t\t\t\t\t<\/div>\n\t\t\t\t<\/div>\n\t\t\t\t<\/div>\n\t\t\t\t\t<\/div>\n\t\t\t\t<\/div>\n\t\t\t\t<\/div>\n\t\t","protected":false},"excerpt":{"rendered":"<p>CIRUG\u00cdAS &gt; CIRUG\u00cdA PL\u00c1STICA EST\u00c9TICA Cirug\u00eda facial Blefaroplastia La blefaroplastia o cirug\u00eda de los p\u00e1rpados es aquella que consiste en [&hellip;]<\/p>\n","protected":false},"author":1,"featured_media":0,"parent":834,"menu_order":0,"comment_status":"closed","ping_status":"closed","template":"","meta":{"site-sidebar-layout":"no-sidebar","site-content-layout":"","ast-site-content-layout":"full-width-container","site-content-style":"default","site-sidebar-style":"default","ast-global-header-display":"","ast-banner-title-visibility":"","ast-main-header-display":"","ast-hfb-above-header-display":"","ast-hfb-below-header-display":"","ast-hfb-mobile-header-display":"","site-post-title":"disabled","ast-breadcrumbs-content":"","ast-featured-img":"disabled","footer-sml-layout":"","theme-transparent-header-meta":"","adv-header-id-meta":"","stick-header-meta":"","header-above-stick-meta":"","header-main-stick-meta":"","header-below-stick-meta":"","astra-migrate-meta-layouts":"default","ast-page-background-enabled":"default","ast-page-background-meta":{"desktop":{"background-color":"var(--ast-global-color-4)","background-image":"","background-repeat":"repeat","background-position":"center center","background-size":"auto","background-attachment":"scroll","background-type":"","background-media":"","overlay-type":"","overlay-color":"","overlay-opacity":"","overlay-gradient":""},"tablet":{"background-color":"","background-image":"","background-repeat":"repeat","background-position":"center center","background-size":"auto","background-attachment":"scroll","background-type":"","background-media":"","overlay-type":"","overlay-color":"","overlay-opacity":"","overlay-gradient":""},"mobile":{"background-color":"","background-image":"","background-repeat":"repeat","background-position":"center center","background-size":"auto","background-attachment":"scroll","background-type":"","background-media":"","overlay-type":"","overlay-color":"","overlay-opacity":"","overlay-gradient":""}},"ast-content-background-meta":{"desktop":{"background-color":"var(--ast-global-color-5)","background-image":"","background-repeat":"repeat","background-position":"center center","background-size":"auto","background-attachment":"scroll","background-type":"","background-media":"","overlay-type":"","overlay-color":"","overlay-opacity":"","overlay-gradient":""},"tablet":{"background-color":"var(--ast-global-color-5)","background-image":"","background-repeat":"repeat","background-position":"center center","background-size":"auto","background-attachment":"scroll","background-type":"","background-media":"","overlay-type":"","overlay-color":"","overlay-opacity":"","overlay-gradient":""},"mobile":{"background-color":"var(--ast-global-color-5)","background-image":"","background-repeat":"repeat","background-position":"center center","background-size":"auto","background-attachment":"scroll","background-type":"","background-media":"","overlay-type":"","overlay-color":"","overlay-opacity":"","overlay-gradient":""}},"footnotes":""},"class_list":["post-839","page","type-page","status-publish","hentry"],"_links":{"self":[{"href":"http:\/\/doctoraherraiz.com\/index.php\/wp-json\/wp\/v2\/pages\/839","targetHints":{"allow":["GET"]}}],"collection":[{"href":"http:\/\/doctoraherraiz.com\/index.php\/wp-json\/wp\/v2\/pages"}],"about":[{"href":"http:\/\/doctoraherraiz.com\/index.php\/wp-json\/wp\/v2\/types\/page"}],"author":[{"embeddable":true,"href":"http:\/\/doctoraherraiz.com\/index.php\/wp-json\/wp\/v2\/users\/1"}],"replies":[{"embeddable":true,"href":"http:\/\/doctoraherraiz.com\/index.php\/wp-json\/wp\/v2\/comments?post=839"}],"version-history":[{"count":4,"href":"http:\/\/doctoraherraiz.com\/index.php\/wp-json\/wp\/v2\/pages\/839\/revisions"}],"predecessor-version":[{"id":1041,"href":"http:\/\/doctoraherraiz.com\/index.php\/wp-json\/wp\/v2\/pages\/839\/revisions\/1041"}],"up":[{"embeddable":true,"href":"http:\/\/doctoraherraiz.com\/index.php\/wp-json\/wp\/v2\/pages\/834"}],"wp:attachment":[{"href":"http:\/\/doctoraherraiz.com\/index.php\/wp-json\/wp\/v2\/media?parent=839"}],"curies":[{"name":"wp","href":"https:\/\/api.w.org\/{rel}","templated":true}]}}